{"id":496,"date":"2026-01-27T13:42:33","date_gmt":"2026-01-27T12:42:33","guid":{"rendered":"https:\/\/roberto.depimtajamar.es\/?post_type=product&#038;p=496"},"modified":"2026-01-27T14:07:43","modified_gmt":"2026-01-27T13:07:43","slug":"bag-in-box-vina-mesada","status":"publish","type":"product","link":"https:\/\/roberto.depimtajamar.es\/index.php\/producto\/bag-in-box-vina-mesada\/","title":{"rendered":"Bag-In-Box Vi\u00f1a-Mesada"},"content":{"rendered":"<p data-path-to-node=\"7\"><b data-path-to-node=\"7\" data-index-in-node=\"0\">Descripci\u00f3n<\/b> Este vino ha sido elaborado para disfrutar de la esencia de nuestra tierra en un formato pr\u00e1ctico y duradero. La perfecta combinaci\u00f3n de frescura y tradici\u00f3n se mantiene intacta gracias a su envasado al vac\u00edo, que protege el vino de la luz y el aire hasta la \u00faltima copa. <span class=\"citation-10 citation-end-10\">En su color se aprecia un rojo rub\u00ed brillante y limpio.<\/span> En nariz destacan sus aromas frutales maduros con sutiles recuerdos a regaliz. En boca resulta equilibrado, f\u00e1cil de beber y muy vers\u00e1til para el d\u00eda a d\u00eda; en definitiva, la calidad de <b data-path-to-node=\"7\" data-index-in-node=\"526\">Vi\u00f1a Mesada<\/b> con la comodidad de un formato dise\u00f1ado para conservar todas sus propiedades.<\/p>\n<div class=\"source-inline-chip-container ng-star-inserted\"><\/div>\n<ul data-path-to-node=\"8\">\n<li>\n<p data-path-to-node=\"8,0,0\"><b data-path-to-node=\"8,0,0\" data-index-in-node=\"0\">Temperatura de servicio:<\/b> 14 &#8211; 16 \u00b0C<\/p>\n<\/li>\n<li>\n<p data-path-to-node=\"8,1,0\"><b data-path-to-node=\"8,1,0\" data-index-in-node=\"0\">Ventaja:<\/b> Conservaci\u00f3n \u00f3ptima hasta 6 semanas despu\u00e9s de abierto.<\/p>\n<\/li>\n<li>\n<p data-path-to-node=\"8,2,0\"><b data-path-to-node=\"8,2,0\" data-index-in-node=\"0\">Ideal para:<\/b> Consumo diario, eventos y hosteler\u00eda.<\/p>\n<\/li>\n<\/ul>\n","protected":false},"excerpt":{"rendered":"<p>Descripci\u00f3n Este vino ha sido elaborado para disfrutar de la esencia de nuestra tierra en un formato pr\u00e1ctico y duradero. La perfecta combinaci\u00f3n de frescura y tradici\u00f3n se mantiene intacta gracias a su envasado al vac\u00edo, que protege el vino de la luz y el aire hasta la \u00faltima copa. En su color se aprecia un rojo rub\u00ed brillante y limpio. En nariz destacan sus aromas frutales maduros con sutiles recuerdos a regaliz. En boca resulta equilibrado, f\u00e1cil de beber y muy vers\u00e1til para el d\u00eda a d\u00eda; en definitiva, la calidad de Vi\u00f1a Mesada con la comodidad de un formato dise\u00f1ado para conservar todas sus propiedades. Temperatura de servicio: 14 &#8211; 16 \u00b0C Ventaja: Conservaci\u00f3n \u00f3ptima hasta 6 semanas despu\u00e9s de abierto. Ideal para: Consumo diario, eventos y hosteler\u00eda.<\/p>\n","protected":false},"featured_media":170,"comment_status":"open","ping_status":"closed","template":"","meta":{"zakra_page_container_layout":"customizer","zakra_page_sidebar_layout":"customizer","zakra_remove_content_margin":false,"zakra_sidebar":"customizer","zakra_transparent_header":"customizer","zakra_logo":0,"zakra_main_header_style":"default","zakra_menu_item_color":"","zakra_menu_item_hover_color":"","zakra_menu_item_active_color":"","zakra_menu_active_style":"","zakra_page_header":true,"inline_featured_image":false},"product_brand":[],"product_cat":[],"product_tag":[],"class_list":{"0":"post-496","1":"product","2":"type-product","3":"status-publish","4":"has-post-thumbnail","7":"first","8":"instock","9":"shipping-taxable","10":"purchasable","11":"product-type-simple"},"_links":{"self":[{"href":"https:\/\/roberto.depimtajamar.es\/index.php\/wp-json\/wp\/v2\/product\/496","targetHints":{"allow":["GET"]}}],"collection":[{"href":"https:\/\/roberto.depimtajamar.es\/index.php\/wp-json\/wp\/v2\/product"}],"about":[{"href":"https:\/\/roberto.depimtajamar.es\/index.php\/wp-json\/wp\/v2\/types\/product"}],"replies":[{"embeddable":true,"href":"https:\/\/roberto.depimtajamar.es\/index.php\/wp-json\/wp\/v2\/comments?post=496"}],"wp:featuredmedia":[{"embeddable":true,"href":"https:\/\/roberto.depimtajamar.es\/index.php\/wp-json\/wp\/v2\/media\/170"}],"wp:attachment":[{"href":"https:\/\/roberto.depimtajamar.es\/index.php\/wp-json\/wp\/v2\/media?parent=496"}],"wp:term":[{"taxonomy":"product_brand","embeddable":true,"href":"https:\/\/roberto.depimtajamar.es\/index.php\/wp-json\/wp\/v2\/product_brand?post=496"},{"taxonomy":"product_cat","embeddable":true,"href":"https:\/\/roberto.depimtajamar.es\/index.php\/wp-json\/wp\/v2\/product_cat?post=496"},{"taxonomy":"product_tag","embeddable":true,"href":"https:\/\/roberto.depimtajamar.es\/index.php\/wp-json\/wp\/v2\/product_tag?post=496"}],"curies":[{"name":"wp","href":"https:\/\/api.w.org\/{rel}","templated":true}]}}