{"id":498,"date":"2026-01-27T13:54:26","date_gmt":"2026-01-27T12:54:26","guid":{"rendered":"https:\/\/roberto.depimtajamar.es\/?post_type=product&#038;p=498"},"modified":"2026-01-27T17:15:57","modified_gmt":"2026-01-27T16:15:57","slug":"botella-vina-mesada","status":"publish","type":"product","link":"https:\/\/roberto.depimtajamar.es\/index.php\/producto\/botella-vina-mesada\/","title":{"rendered":"Botella Vi\u00f1a-Mesada"},"content":{"rendered":"<p data-path-to-node=\"3\">Este vino ha sido elaborado con nuestra uva <b data-path-to-node=\"3\" data-index-in-node=\"56\">Tempranillo<\/b>, seleccionada de nuestros vi\u00f1edos m\u00e1s antiguos de Villaca\u00f1as. La perfecta combinaci\u00f3n de tiempo y nobleza del roble se ve reflejada en su elegante color rojo cereza con destellos granates. En nariz destacan sus aromas de gran intensidad y complejidad, resaltando notas de fruta madura ensambladas con matices de vainilla, cacao y torrefactos propios de su larga crianza. En boca resulta redondo, con taninos aterciopelados y un final largo y persistente; en definitiva, la m\u00e1xima expresi\u00f3n de nuestra bodega.<\/p>\n<ul data-path-to-node=\"4\">\n<li>\n<p data-path-to-node=\"4,0,0\"><b data-path-to-node=\"4,0,0\" data-index-in-node=\"0\">Temperatura de servicio:<\/b> 16 &#8211; 18 \u00b0C<\/p>\n<\/li>\n<li>\n<p data-path-to-node=\"4,1,0\"><b data-path-to-node=\"4,1,0\" data-index-in-node=\"0\">Graduaci\u00f3n:<\/b> 13.5% Vol.<\/p>\n<\/li>\n<li>\n<p data-path-to-node=\"4,2,0\"><b data-path-to-node=\"4,2,0\" data-index-in-node=\"0\">Formato:<\/b> Botella bordelesa 75cl.<\/p>\n<\/li>\n<\/ul>\n","protected":false},"excerpt":{"rendered":"<p>Este vino ha sido elaborado con nuestra uva Tempranillo, seleccionada de nuestros vi\u00f1edos m\u00e1s antiguos de Villaca\u00f1as. La perfecta combinaci\u00f3n de tiempo y nobleza del roble se ve reflejada en su elegante color rojo cereza con destellos granates. En nariz destacan sus aromas de gran intensidad y complejidad, resaltando notas de fruta madura ensambladas con matices de vainilla, cacao y torrefactos propios de su larga crianza. En boca resulta redondo, con taninos aterciopelados y un final largo y persistente; en definitiva, la m\u00e1xima expresi\u00f3n de nuestra bodega. Temperatura de servicio: 16 &#8211; 18 \u00b0C Graduaci\u00f3n: 13.5% Vol. Formato: Botella bordelesa 75cl.<\/p>\n","protected":false},"featured_media":531,"comment_status":"open","ping_status":"closed","template":"","meta":{"zakra_page_container_layout":"customizer","zakra_page_sidebar_layout":"customizer","zakra_remove_content_margin":false,"zakra_sidebar":"customizer","zakra_transparent_header":"customizer","zakra_logo":0,"zakra_main_header_style":"default","zakra_menu_item_color":"","zakra_menu_item_hover_color":"","zakra_menu_item_active_color":"","zakra_menu_active_style":"","zakra_page_header":true,"inline_featured_image":false},"product_brand":[],"product_cat":[],"product_tag":[],"class_list":{"0":"post-498","1":"product","2":"type-product","3":"status-publish","4":"has-post-thumbnail","7":"first","8":"instock","9":"shipping-taxable","10":"purchasable","11":"product-type-simple"},"_links":{"self":[{"href":"https:\/\/roberto.depimtajamar.es\/index.php\/wp-json\/wp\/v2\/product\/498","targetHints":{"allow":["GET"]}}],"collection":[{"href":"https:\/\/roberto.depimtajamar.es\/index.php\/wp-json\/wp\/v2\/product"}],"about":[{"href":"https:\/\/roberto.depimtajamar.es\/index.php\/wp-json\/wp\/v2\/types\/product"}],"replies":[{"embeddable":true,"href":"https:\/\/roberto.depimtajamar.es\/index.php\/wp-json\/wp\/v2\/comments?post=498"}],"wp:featuredmedia":[{"embeddable":true,"href":"https:\/\/roberto.depimtajamar.es\/index.php\/wp-json\/wp\/v2\/media\/531"}],"wp:attachment":[{"href":"https:\/\/roberto.depimtajamar.es\/index.php\/wp-json\/wp\/v2\/media?parent=498"}],"wp:term":[{"taxonomy":"product_brand","embeddable":true,"href":"https:\/\/roberto.depimtajamar.es\/index.php\/wp-json\/wp\/v2\/product_brand?post=498"},{"taxonomy":"product_cat","embeddable":true,"href":"https:\/\/roberto.depimtajamar.es\/index.php\/wp-json\/wp\/v2\/product_cat?post=498"},{"taxonomy":"product_tag","embeddable":true,"href":"https:\/\/roberto.depimtajamar.es\/index.php\/wp-json\/wp\/v2\/product_tag?post=498"}],"curies":[{"name":"wp","href":"https:\/\/api.w.org\/{rel}","templated":true}]}}