{"id":499,"date":"2026-01-27T13:56:59","date_gmt":"2026-01-27T12:56:59","guid":{"rendered":"https:\/\/roberto.depimtajamar.es\/?post_type=product&#038;p=499"},"modified":"2026-01-27T13:57:00","modified_gmt":"2026-01-27T12:57:00","slug":"botella-hoya-montes-vino-tinto","status":"publish","type":"product","link":"https:\/\/roberto.depimtajamar.es\/index.php\/producto\/botella-hoya-montes-vino-tinto\/","title":{"rendered":"Botella Hoya Mont\u00e9s \u2013 Vino Tinto"},"content":{"rendered":"<div class=\"elementor-element elementor-element-ab7b784 elementor-widget elementor-widget-image-box\" data-id=\"ab7b784\" data-element_type=\"widget\" data-widget_type=\"image-box.default\">\n<div class=\"elementor-widget-container\">\n<div class=\"elementor-image-box-wrapper\">\n<div class=\"elementor-image-box-content\">\n<p class=\"elementor-image-box-description\">Este vino ha sido elaborado con la uva de nuestros mejores vi\u00f1edos. La perfecta combinaci\u00f3n de juventud y frescura, se ve reflejado en un bonito color rojo cereza intenso con tonalidades viol\u00e1ceas. En nariz destacan sus aromas de buena intensidad, resaltando sus aromas de fermentaci\u00f3n muy frutales. En boca resulta equilibrado, arm\u00f3nico y con una larga persistencia, en definitiva, un vino con buenas sensaciones.<\/p>\n<p>Debe consumirse entre 12 &#8211; 14 \u00baC<br \/>\n12,5% Vol.<br \/>\n75cl.<\/p>\n<\/div>\n<\/div>\n<\/div>\n<\/div>\n<div class=\"elementor-element elementor-element-587d484 elementor-widget-divider--separator-type-pattern elementor-widget-divider--view-line elementor-widget elementor-widget-divider\" data-id=\"587d484\" data-element_type=\"widget\" data-widget_type=\"divider.default\">\n<div class=\"elementor-widget-container\">\n<div class=\"elementor-divider\"><\/div>\n<\/div>\n<\/div>\n","protected":false},"excerpt":{"rendered":"<p>Este vino ha sido elaborado con la uva de nuestros mejores vi\u00f1edos. La perfecta combinaci\u00f3n de juventud y frescura, se ve reflejado en un bonito color rojo cereza intenso con tonalidades viol\u00e1ceas. En nariz destacan sus aromas de buena intensidad, resaltando sus aromas de fermentaci\u00f3n muy frutales. En boca resulta equilibrado, arm\u00f3nico y con una larga persistencia, en definitiva, un vino con buenas sensaciones. Debe consumirse entre 12 &#8211; 14 \u00baC 12,5% Vol. 75cl.<\/p>\n","protected":false},"featured_media":500,"comment_status":"open","ping_status":"closed","template":"","meta":{"zakra_page_container_layout":"customizer","zakra_page_sidebar_layout":"customizer","zakra_remove_content_margin":false,"zakra_sidebar":"customizer","zakra_transparent_header":"customizer","zakra_logo":0,"zakra_main_header_style":"default","zakra_menu_item_color":"","zakra_menu_item_hover_color":"","zakra_menu_item_active_color":"","zakra_menu_active_style":"","zakra_page_header":true,"inline_featured_image":false},"product_brand":[],"product_cat":[],"product_tag":[],"class_list":{"0":"post-499","1":"product","2":"type-product","3":"status-publish","4":"has-post-thumbnail","7":"first","8":"instock","9":"shipping-taxable","10":"purchasable","11":"product-type-simple"},"_links":{"self":[{"href":"https:\/\/roberto.depimtajamar.es\/index.php\/wp-json\/wp\/v2\/product\/499","targetHints":{"allow":["GET"]}}],"collection":[{"href":"https:\/\/roberto.depimtajamar.es\/index.php\/wp-json\/wp\/v2\/product"}],"about":[{"href":"https:\/\/roberto.depimtajamar.es\/index.php\/wp-json\/wp\/v2\/types\/product"}],"replies":[{"embeddable":true,"href":"https:\/\/roberto.depimtajamar.es\/index.php\/wp-json\/wp\/v2\/comments?post=499"}],"wp:featuredmedia":[{"embeddable":true,"href":"https:\/\/roberto.depimtajamar.es\/index.php\/wp-json\/wp\/v2\/media\/500"}],"wp:attachment":[{"href":"https:\/\/roberto.depimtajamar.es\/index.php\/wp-json\/wp\/v2\/media?parent=499"}],"wp:term":[{"taxonomy":"product_brand","embeddable":true,"href":"https:\/\/roberto.depimtajamar.es\/index.php\/wp-json\/wp\/v2\/product_brand?post=499"},{"taxonomy":"product_cat","embeddable":true,"href":"https:\/\/roberto.depimtajamar.es\/index.php\/wp-json\/wp\/v2\/product_cat?post=499"},{"taxonomy":"product_tag","embeddable":true,"href":"https:\/\/roberto.depimtajamar.es\/index.php\/wp-json\/wp\/v2\/product_tag?post=499"}],"curies":[{"name":"wp","href":"https:\/\/api.w.org\/{rel}","templated":true}]}}