{"id":507,"date":"2026-01-27T14:09:06","date_gmt":"2026-01-27T13:09:06","guid":{"rendered":"https:\/\/roberto.depimtajamar.es\/?post_type=product&#038;p=507"},"modified":"2026-01-27T14:09:06","modified_gmt":"2026-01-27T13:09:06","slug":"botella-hoya-montes-rosado","status":"publish","type":"product","link":"https:\/\/roberto.depimtajamar.es\/index.php\/producto\/botella-hoya-montes-rosado\/","title":{"rendered":"Botella Hoya Mont\u00e9s \u2013 Rosado"},"content":{"rendered":"<p>Este vino ha sido elaborado con nuestra uva aut\u00f3ctona Bobal, seleccionada de nuestros mejores vi\u00f1edos. La perfecta combinaci\u00f3n de juventud y frescura, se ve reflejado en su precioso color rosa p\u00e1lido con tonalidades viol\u00e1ceas. En nariz destacan sus aromas de buena intensidad, resaltando sus marcados aromas frutales y florales (fresca, frambuesa\u2026). En boca resulta equilibrado, fresco y de larga persistencia, en definitiva, un vino en su plena juventud.<\/p>\n<p>Debe consumirse joven entre 6 &#8211; 8 \u00baC<br \/>\n12% Vol.<br \/>\n75cl.<\/p>\n","protected":false},"excerpt":{"rendered":"<p>Este vino ha sido elaborado con nuestra uva aut\u00f3ctona Bobal, seleccionada de nuestros mejores vi\u00f1edos. La perfecta combinaci\u00f3n de juventud y frescura, se ve reflejado en su precioso color rosa p\u00e1lido con tonalidades viol\u00e1ceas. En nariz destacan sus aromas de buena intensidad, resaltando sus marcados aromas frutales y florales (fresca, frambuesa\u2026). En boca resulta equilibrado, fresco y de larga persistencia, en definitiva, un vino en su plena juventud. Debe consumirse joven entre 6 &#8211; 8 \u00baC 12% Vol. 75cl.<\/p>\n","protected":false},"featured_media":502,"comment_status":"open","ping_status":"closed","template":"","meta":{"zakra_page_container_layout":"customizer","zakra_page_sidebar_layout":"customizer","zakra_remove_content_margin":false,"zakra_sidebar":"customizer","zakra_transparent_header":"customizer","zakra_logo":0,"zakra_main_header_style":"default","zakra_menu_item_color":"","zakra_menu_item_hover_color":"","zakra_menu_item_active_color":"","zakra_menu_active_style":"","zakra_page_header":true,"inline_featured_image":false},"product_brand":[],"product_cat":[],"product_tag":[],"class_list":{"0":"post-507","1":"product","2":"type-product","3":"status-publish","4":"has-post-thumbnail","7":"first","8":"instock","9":"sale","10":"shipping-taxable","11":"purchasable","12":"product-type-simple"},"_links":{"self":[{"href":"https:\/\/roberto.depimtajamar.es\/index.php\/wp-json\/wp\/v2\/product\/507","targetHints":{"allow":["GET"]}}],"collection":[{"href":"https:\/\/roberto.depimtajamar.es\/index.php\/wp-json\/wp\/v2\/product"}],"about":[{"href":"https:\/\/roberto.depimtajamar.es\/index.php\/wp-json\/wp\/v2\/types\/product"}],"replies":[{"embeddable":true,"href":"https:\/\/roberto.depimtajamar.es\/index.php\/wp-json\/wp\/v2\/comments?post=507"}],"wp:featuredmedia":[{"embeddable":true,"href":"https:\/\/roberto.depimtajamar.es\/index.php\/wp-json\/wp\/v2\/media\/502"}],"wp:attachment":[{"href":"https:\/\/roberto.depimtajamar.es\/index.php\/wp-json\/wp\/v2\/media?parent=507"}],"wp:term":[{"taxonomy":"product_brand","embeddable":true,"href":"https:\/\/roberto.depimtajamar.es\/index.php\/wp-json\/wp\/v2\/product_brand?post=507"},{"taxonomy":"product_cat","embeddable":true,"href":"https:\/\/roberto.depimtajamar.es\/index.php\/wp-json\/wp\/v2\/product_cat?post=507"},{"taxonomy":"product_tag","embeddable":true,"href":"https:\/\/roberto.depimtajamar.es\/index.php\/wp-json\/wp\/v2\/product_tag?post=507"}],"curies":[{"name":"wp","href":"https:\/\/api.w.org\/{rel}","templated":true}]}}