{"id":511,"date":"2026-01-27T16:45:53","date_gmt":"2026-01-27T15:45:53","guid":{"rendered":"https:\/\/roberto.depimtajamar.es\/?post_type=product&#038;p=511"},"modified":"2026-01-27T16:45:53","modified_gmt":"2026-01-27T15:45:53","slug":"pack-de-3-botellas-a-elegir","status":"publish","type":"product","link":"https:\/\/roberto.depimtajamar.es\/index.php\/producto\/pack-de-3-botellas-a-elegir\/","title":{"rendered":"Pack de 3 botellas a elegir"},"content":{"rendered":"<p data-path-to-node=\"4\">Este estuche ha sido dise\u00f1ado para que usted sea el autor de su propia selecci\u00f3n, eligiendo tres botellas de nuestra gama seg\u00fan su preferencia. La perfecta combinaci\u00f3n de nuestra herencia de 1952 y la libertad de elecci\u00f3n, permite disfrutar desde la complejidad de nuestro <b data-path-to-node=\"4\" data-index-in-node=\"285\">Gran Reserva<\/b> hasta la frescura de nuestros vinos m\u00e1s j\u00f3venes. En nariz y boca, cada combinaci\u00f3n ofrece un recorrido distinto por los matices de Villaca\u00f1as, manteniendo la calidad y el equilibrio que nos define; en definitiva, el detalle perfecto para regalar o disfrutar de una cata a su medida.<\/p>\n<ul data-path-to-node=\"5\">\n<li>\n<p data-path-to-node=\"5,0,0\"><b data-path-to-node=\"5,0,0\" data-index-in-node=\"0\">Contenido:<\/b> 3 Botellas de 75cl a elegir.<\/p>\n<\/li>\n<li>\n<p data-path-to-node=\"5,1,0\"><b data-path-to-node=\"5,1,0\" data-index-in-node=\"0\">Personalizaci\u00f3n:<\/b> Combine Tinto, Blanco, Rosado o Gran Reserva.<\/p>\n<\/li>\n<li>\n<p data-path-to-node=\"5,2,0\"><b data-path-to-node=\"5,2,0\" data-index-in-node=\"0\">Origen:<\/b> D.O. La Mancha.<\/p>\n<\/li>\n<\/ul>\n","protected":false},"excerpt":{"rendered":"<p>Este estuche ha sido dise\u00f1ado para que usted sea el autor de su propia selecci\u00f3n, eligiendo tres botellas de nuestra gama seg\u00fan su preferencia. La perfecta combinaci\u00f3n de nuestra herencia de 1952 y la libertad de elecci\u00f3n, permite disfrutar desde la complejidad de nuestro Gran Reserva hasta la frescura de nuestros vinos m\u00e1s j\u00f3venes. En nariz y boca, cada combinaci\u00f3n ofrece un recorrido distinto por los matices de Villaca\u00f1as, manteniendo la calidad y el equilibrio que nos define; en definitiva, el detalle perfecto para regalar o disfrutar de una cata a su medida. Contenido: 3 Botellas de 75cl a elegir. Personalizaci\u00f3n: Combine Tinto, Blanco, Rosado o Gran Reserva. Origen: D.O. La Mancha.<\/p>\n","protected":false},"featured_media":415,"comment_status":"open","ping_status":"closed","template":"","meta":{"zakra_page_container_layout":"customizer","zakra_page_sidebar_layout":"customizer","zakra_remove_content_margin":false,"zakra_sidebar":"customizer","zakra_transparent_header":"customizer","zakra_logo":0,"zakra_main_header_style":"default","zakra_menu_item_color":"","zakra_menu_item_hover_color":"","zakra_menu_item_active_color":"","zakra_menu_active_style":"","zakra_page_header":true,"inline_featured_image":false},"product_brand":[],"product_cat":[],"product_tag":[],"class_list":{"0":"post-511","1":"product","2":"type-product","3":"status-publish","4":"has-post-thumbnail","7":"first","8":"instock","9":"sale","10":"shipping-taxable","11":"purchasable","12":"product-type-simple"},"_links":{"self":[{"href":"https:\/\/roberto.depimtajamar.es\/index.php\/wp-json\/wp\/v2\/product\/511","targetHints":{"allow":["GET"]}}],"collection":[{"href":"https:\/\/roberto.depimtajamar.es\/index.php\/wp-json\/wp\/v2\/product"}],"about":[{"href":"https:\/\/roberto.depimtajamar.es\/index.php\/wp-json\/wp\/v2\/types\/product"}],"replies":[{"embeddable":true,"href":"https:\/\/roberto.depimtajamar.es\/index.php\/wp-json\/wp\/v2\/comments?post=511"}],"wp:featuredmedia":[{"embeddable":true,"href":"https:\/\/roberto.depimtajamar.es\/index.php\/wp-json\/wp\/v2\/media\/415"}],"wp:attachment":[{"href":"https:\/\/roberto.depimtajamar.es\/index.php\/wp-json\/wp\/v2\/media?parent=511"}],"wp:term":[{"taxonomy":"product_brand","embeddable":true,"href":"https:\/\/roberto.depimtajamar.es\/index.php\/wp-json\/wp\/v2\/product_brand?post=511"},{"taxonomy":"product_cat","embeddable":true,"href":"https:\/\/roberto.depimtajamar.es\/index.php\/wp-json\/wp\/v2\/product_cat?post=511"},{"taxonomy":"product_tag","embeddable":true,"href":"https:\/\/roberto.depimtajamar.es\/index.php\/wp-json\/wp\/v2\/product_tag?post=511"}],"curies":[{"name":"wp","href":"https:\/\/api.w.org\/{rel}","templated":true}]}}