{"id":512,"date":"2026-01-27T16:47:51","date_gmt":"2026-01-27T15:47:51","guid":{"rendered":"https:\/\/roberto.depimtajamar.es\/?post_type=product&#038;p=512"},"modified":"2026-01-27T16:57:26","modified_gmt":"2026-01-27T15:57:26","slug":"pack-de-cata-completa","status":"publish","type":"product","link":"https:\/\/roberto.depimtajamar.es\/index.php\/producto\/pack-de-cata-completa\/","title":{"rendered":"Pack de cata completa"},"content":{"rendered":"<p data-path-to-node=\"8\">Este pack ha sido elaborado para ofrecer una experiencia integral y conocer a fondo toda nuestra bodega en un solo env\u00edo. La perfecta combinaci\u00f3n de nuestras cuatro referencias principales se presenta en una selecci\u00f3n exclusiva que incluye: nuestro <b data-path-to-node=\"8\" data-index-in-node=\"261\">Gran Reserva 2018<\/b>, nuestro <b data-path-to-node=\"8\" data-index-in-node=\"288\">Tinto Selecci\u00f3n<\/b>, la vivacidad del <b data-path-to-node=\"8\" data-index-in-node=\"322\">Blanco Macabeo<\/b> y la frescura del <b data-path-to-node=\"8\" data-index-in-node=\"355\">Rosado Bobal<\/b>. En nariz y boca, este conjunto permite apreciar la versatilidad de nuestros vi\u00f1edos privilegiados y la evoluci\u00f3n del vino en sus distintas etapas; en definitiva, una cata completa para disfrutar de la esencia de Vi\u00f1a Mesada en su m\u00e1xima expresi\u00f3n.<\/p>\n<ul data-path-to-node=\"9\">\n<li>\n<p data-path-to-node=\"9,0,0\"><b data-path-to-node=\"9,0,0\" data-index-in-node=\"0\">Incluye:<\/b> 1 Gran Reserva + 1 Tinto + 1 Blanco + 1 Rosado (75cl).<\/p>\n<\/li>\n<li>\n<p data-path-to-node=\"9,1,0\"><b data-path-to-node=\"9,1,0\" data-index-in-node=\"0\">Ideal para:<\/b> Catas en casa y cenas con amigos.<\/p>\n<\/li>\n<li>\n<p data-path-to-node=\"9,2,0\"><b data-path-to-node=\"9,2,0\" data-index-in-node=\"0\">Origen:<\/b> Villaca\u00f1as (Toledo).<\/p>\n<\/li>\n<\/ul>\n","protected":false},"excerpt":{"rendered":"<p>Este pack ha sido elaborado para ofrecer una experiencia integral y conocer a fondo toda nuestra bodega en un solo env\u00edo. La perfecta combinaci\u00f3n de nuestras cuatro referencias principales se presenta en una selecci\u00f3n exclusiva que incluye: nuestro Gran Reserva 2018, nuestro Tinto Selecci\u00f3n, la vivacidad del Blanco Macabeo y la frescura del Rosado Bobal. En nariz y boca, este conjunto permite apreciar la versatilidad de nuestros vi\u00f1edos privilegiados y la evoluci\u00f3n del vino en sus distintas etapas; en definitiva, una cata completa para disfrutar de la esencia de Vi\u00f1a Mesada en su m\u00e1xima expresi\u00f3n. Incluye: 1 Gran Reserva + 1 Tinto + 1 Blanco + 1 Rosado (75cl). Ideal para: Catas en casa y cenas con amigos. Origen: Villaca\u00f1as (Toledo).<\/p>\n","protected":false},"featured_media":417,"comment_status":"open","ping_status":"closed","template":"","meta":{"zakra_page_container_layout":"customizer","zakra_page_sidebar_layout":"customizer","zakra_remove_content_margin":false,"zakra_sidebar":"customizer","zakra_transparent_header":"customizer","zakra_logo":0,"zakra_main_header_style":"default","zakra_menu_item_color":"","zakra_menu_item_hover_color":"","zakra_menu_item_active_color":"","zakra_menu_active_style":"","zakra_page_header":true,"inline_featured_image":false},"product_brand":[],"product_cat":[],"product_tag":[],"class_list":{"0":"post-512","1":"product","2":"type-product","3":"status-publish","4":"has-post-thumbnail","7":"first","8":"instock","9":"shipping-taxable","10":"purchasable","11":"product-type-simple"},"_links":{"self":[{"href":"https:\/\/roberto.depimtajamar.es\/index.php\/wp-json\/wp\/v2\/product\/512","targetHints":{"allow":["GET"]}}],"collection":[{"href":"https:\/\/roberto.depimtajamar.es\/index.php\/wp-json\/wp\/v2\/product"}],"about":[{"href":"https:\/\/roberto.depimtajamar.es\/index.php\/wp-json\/wp\/v2\/types\/product"}],"replies":[{"embeddable":true,"href":"https:\/\/roberto.depimtajamar.es\/index.php\/wp-json\/wp\/v2\/comments?post=512"}],"wp:featuredmedia":[{"embeddable":true,"href":"https:\/\/roberto.depimtajamar.es\/index.php\/wp-json\/wp\/v2\/media\/417"}],"wp:attachment":[{"href":"https:\/\/roberto.depimtajamar.es\/index.php\/wp-json\/wp\/v2\/media?parent=512"}],"wp:term":[{"taxonomy":"product_brand","embeddable":true,"href":"https:\/\/roberto.depimtajamar.es\/index.php\/wp-json\/wp\/v2\/product_brand?post=512"},{"taxonomy":"product_cat","embeddable":true,"href":"https:\/\/roberto.depimtajamar.es\/index.php\/wp-json\/wp\/v2\/product_cat?post=512"},{"taxonomy":"product_tag","embeddable":true,"href":"https:\/\/roberto.depimtajamar.es\/index.php\/wp-json\/wp\/v2\/product_tag?post=512"}],"curies":[{"name":"wp","href":"https:\/\/api.w.org\/{rel}","templated":true}]}}